{"id":2246,"date":"2024-04-18T22:54:27","date_gmt":"2024-04-18T20:54:27","guid":{"rendered":"https:\/\/oarchitecte.com\/nachrichten\/"},"modified":"2024-06-29T12:57:50","modified_gmt":"2024-06-29T10:57:50","slug":"nachrichten","status":"publish","type":"page","link":"https:\/\/oarchitecte.com\/de\/nachrichten\/","title":{"rendered":"Nachrichten"},"content":{"rendered":"<p><div  class='flex_column av-70g4i-06e37737104e0c23bd1c5cf86c13de6a av_one_full  avia-builder-el-0  el_before_av_one_full  avia-builder-el-first  first flex_column_div  '     ><style type=\"text\/css\" data-created_by=\"avia_inline_auto\" id=\"style-css-av-lxkd2tmb-f429cb054aa5d00d6dedaa2b344e827f\">\n#top .av-special-heading.av-lxkd2tmb-f429cb054aa5d00d6dedaa2b344e827f{\npadding-bottom:10px;\n}\nbody .av-special-heading.av-lxkd2tmb-f429cb054aa5d00d6dedaa2b344e827f .av-special-heading-tag .heading-char{\nfont-size:25px;\n}\n.av-special-heading.av-lxkd2tmb-f429cb054aa5d00d6dedaa2b344e827f .av-subheading{\nfont-size:15px;\n}\n<\/style>\n<div  class='av-special-heading av-lxkd2tmb-f429cb054aa5d00d6dedaa2b344e827f av-special-heading-h1  avia-builder-el-1  avia-builder-el-no-sibling '><h1 class='av-special-heading-tag '  itemprop=\"headline\"  >Unsere letzten Artikel<\/h1><div class=\"special-heading-border\"><div class=\"special-heading-inner-border\"><\/div><\/div><\/div><\/div><div  class='flex_column av-15dcy-346c09512b29c8fefe8ed4ce6abe8adf av_one_full  avia-builder-el-2  el_after_av_one_full  avia-builder-el-last  first flex_column_div  column-top-margin'     ><div  id=\"avia-magazine-1\"  class='av-magazine av-lv6u7q9x-9641fb843080c6dfc01d55c58d14f03d av-magazine-hero-top  avia-builder-el-3  avia-builder-el-no-sibling   avia-builder-el-3  avia-builder-el-no-sibling ' ><div class='av-magazine-group sort_all'><div class='av-magazine-hero first '><article class='av-magazine-entry av-magazine-entry-id-2262 av-magazine-format-standard av-magazine-type-post av-magazine-entry-1 av-magazine-entry-big '  itemscope=\"itemscope\" itemtype=\"https:\/\/schema.org\/CreativeWork\" ><div class=\"av-magazine-thumbnail\"><a href='https:\/\/oarchitecte.com\/de\/2024\/04\/19\/renovierten-schatze-der-architektur\/' title='Link zu: Die renovierten Sch\u00e4tze der traditionellen Architektur' class='av-magazine-thumbnail-link'><img decoding=\"async\" fetchpriority=\"high\" width=\"710\" height=\"375\" src=\"https:\/\/oarchitecte.com\/wp-content\/uploads\/2024\/04\/marrakech-710x375.webp\" class=\"wp-image-2209 avia-img-lazy-loading-not-2209 attachment-magazine size-magazine wp-post-image\" alt=\"Die Renovierten Sch\u00e4tze Der Traditionellen Architektur\" title=\"\"><\/a><\/div><div class=\"av-magazine-content-wrap\"><header class=\"entry-content-header\" aria-label=\"Post: Die renovierten Sch\u00e4tze der traditionellen Architektur\"><time class='av-magazine-time updated'  itemprop=\"datePublished\" datetime=\"2024-04-19T16:01:15+01:00\" >19. April 2024<\/time><h3 class='av-magazine-title entry-title '  itemprop=\"headline\" ><a href='https:\/\/oarchitecte.com\/de\/2024\/04\/19\/renovierten-schatze-der-architektur\/' title='Link zu: Die renovierten Sch\u00e4tze der traditionellen Architektur'>Die renovierten Sch\u00e4tze der traditionellen Architektur<\/a><\/h3><\/header><div class='av-magazine-content entry-content'  itemprop=\"text\" ><p>Unser Reisef\u00fchrer &#8222;Architekt Marrakesch&#8220; l\u00e4dt Sie ein, die architektonische Pracht der ockerfarbenen Stadt zu erkunden und ihre Sch\u00f6nheit zu entdecken, die durch das Talent der lokalen Architekten hervorgehoben wird.<\/p>\n<\/div><\/div><footer class=\"entry-footer\"><\/footer><\/article><\/div><div class='av-magazine-sideshow '><article class='av-magazine-entry av-magazine-entry-id-2252 av-magazine-format-standard av-magazine-type-post av-magazine-entry-2 av-magazine-entry-small '  itemscope=\"itemscope\" itemtype=\"https:\/\/schema.org\/CreativeWork\" ><div class=\"av-magazine-thumbnail\"><a href='https:\/\/oarchitecte.com\/de\/2024\/04\/13\/die-faszinierende-vielfalt\/' title='Link zu: Die faszinierende Vielfalt der &#8222;Architektur Marrakeschs&#8220;' class='av-magazine-thumbnail-link'><img decoding=\"async\" fetchpriority=\"high\" width=\"80\" height=\"80\" src=\"https:\/\/oarchitecte.com\/wp-content\/uploads\/2024\/04\/blog-single1dd-80x80.webp\" class=\"wp-image-2211 avia-img-lazy-loading-not-2211 attachment-thumbnail size-thumbnail wp-post-image\" alt=\"Architecture Marrakech: Explorez la beaut\u00e9 captivante\" srcset=\"https:\/\/oarchitecte.com\/wp-content\/uploads\/2024\/04\/blog-single1dd-80x80.webp 80w, https:\/\/oarchitecte.com\/wp-content\/uploads\/2024\/04\/blog-single1dd-36x36.webp 36w, https:\/\/oarchitecte.com\/wp-content\/uploads\/2024\/04\/blog-single1dd-180x180.webp 180w\" sizes=\"(max-width: 80px) 100vw, 80px\" title=\"\"><\/a><\/div><div class=\"av-magazine-content-wrap\"><header class=\"entry-content-header\" aria-label=\"Post: Die faszinierende Vielfalt der &quot;Architektur Marrakeschs&quot;\"><time class='av-magazine-time updated'  itemprop=\"datePublished\" datetime=\"2024-04-13T23:40:22+00:00\" >13. April 2024<\/time><h3 class='av-magazine-title entry-title '  itemprop=\"headline\" ><a href='https:\/\/oarchitecte.com\/de\/2024\/04\/13\/die-faszinierende-vielfalt\/' title='Link zu: Die faszinierende Vielfalt der &#8222;Architektur Marrakeschs&#8220;'>Die faszinierende Vielfalt der &#8222;Architektur Marrakeschs&#8220;<\/a><\/h3><\/header><\/div><footer class=\"entry-footer\"><\/footer><\/article><\/div><\/div><\/div><\/div><\/p>\n","protected":false},"excerpt":{"rendered":"","protected":false},"author":1,"featured_media":2103,"parent":0,"menu_order":0,"comment_status":"open","ping_status":"closed","template":"","meta":{"inline_featured_image":false,"footnotes":""},"class_list":["post-2246","page","type-page","status-publish","has-post-thumbnail","hentry"],"_links":{"self":[{"href":"https:\/\/oarchitecte.com\/de\/wp-json\/wp\/v2\/pages\/2246","targetHints":{"allow":["GET"]}}],"collection":[{"href":"https:\/\/oarchitecte.com\/de\/wp-json\/wp\/v2\/pages"}],"about":[{"href":"https:\/\/oarchitecte.com\/de\/wp-json\/wp\/v2\/types\/page"}],"author":[{"embeddable":true,"href":"https:\/\/oarchitecte.com\/de\/wp-json\/wp\/v2\/users\/1"}],"replies":[{"embeddable":true,"href":"https:\/\/oarchitecte.com\/de\/wp-json\/wp\/v2\/comments?post=2246"}],"version-history":[{"count":21,"href":"https:\/\/oarchitecte.com\/de\/wp-json\/wp\/v2\/pages\/2246\/revisions"}],"predecessor-version":[{"id":3024,"href":"https:\/\/oarchitecte.com\/de\/wp-json\/wp\/v2\/pages\/2246\/revisions\/3024"}],"wp:featuredmedia":[{"embeddable":true,"href":"https:\/\/oarchitecte.com\/de\/wp-json\/wp\/v2\/media\/2103"}],"wp:attachment":[{"href":"https:\/\/oarchitecte.com\/de\/wp-json\/wp\/v2\/media?parent=2246"}],"curies":[{"name":"wp","href":"https:\/\/api.w.org\/{rel}","templated":true}]}}