{"id":2239,"date":"2024-04-18T23:24:56","date_gmt":"2024-04-18T21:24:56","guid":{"rendered":"https:\/\/oarchitecte.com\/allgemeine-nutzungsbedingungen\/"},"modified":"2024-06-29T12:27:25","modified_gmt":"2024-06-29T10:27:25","slug":"allgemeine-nutzungsbedingungen","status":"publish","type":"page","link":"https:\/\/oarchitecte.com\/de\/allgemeine-nutzungsbedingungen\/","title":{"rendered":"Allgemeine Nutzungsbedingungen"},"content":{"rendered":"\n<h1 class=\"wp-block-heading\">Wer sind wir?<\/h1>\n\n<p><strong>Willkommen auf der Website von O&#8217;Architecte<\/strong><a href=\"https:\/\/oarchitecte.com\/de\/\">(https:\/\/oarchitecte.com)<\/a>, einem B\u00fcro f\u00fcr Architektur, Landschaftsgestaltung und Innenarchitektur mit Sitz in Marrakesch, Marokko. Durch den Zugriff auf und die Nutzung dieser Website erkl\u00e4ren Sie sich mit diesen Nutzungsbedingungen einverstanden.<\/p>\n\n<h2 class=\"wp-block-heading\"><strong>Objekt<\/strong><\/h2>\n\n<p>Die vorliegenden Allgemeinen Nutzungsbedingungen (nachfolgend &#8222;ANB&#8220;) sollen die Bedingungen f\u00fcr den Zugang und die Nutzung der Website <a href=\"https:\/\/oarchitecte.com\/de\/\">https:\/\/oarchitecte.com<\/a> (nachfolgend &#8222;Website&#8220;) durch die Nutzer (nachfolgend &#8222;Nutzer&#8220;) festlegen.<\/p>\n\n<h2 class=\"wp-block-heading\"><strong>Annahme der AGB<\/strong><\/h2>\n\n<p>Der Zugang und die Nutzung der Website durch den Nutzer setzt die vollst\u00e4ndige Annahme der vorliegenden Nutzungsbedingungen voraus. Der Nutzer erkl\u00e4rt, dass er die in diesen Nutzungsbedingungen enthaltenen Informationen zur Kenntnis genommen hat, bevor er auf die Website zugreift und sie nutzt.<\/p>\n\n<h2 class=\"wp-block-heading\"><strong>Zugang und Nutzung der Website<\/strong><\/h2>\n\n<p>Der Nutzer kann die Website kostenlos von jedem Endger\u00e4t mit Internetzugang aus aufrufen. Der Nutzer ist allein verantwortlich f\u00fcr die Computerausr\u00fcstung und die Software, die f\u00fcr den Zugang zur Website und f\u00fcr seine Internetverbindung erforderlich sind.<\/p>\n\n<p>Der Nutzer verpflichtet sich, die Website in \u00dcbereinstimmung mit diesen Nutzungsbedingungen, den geltenden Gesetzen und Verordnungen und den Rechten Dritter zu nutzen. Dem Nutzer ist insbesondere Folgendes untersagt<\/p>\n\n<ul class=\"wp-block-list\">\n<li>die Website zu illegalen, sch\u00e4dlichen, betr\u00fcgerischen oder gegen die \u00f6ffentliche Ordnung oder die guten Sitten versto\u00dfenden Zwecken zu nutzen;<\/li>\n\n\n\n<li>das Einbringen von sch\u00e4dlichen Daten wie Computerviren, Trojanern, W\u00fcrmern, Zeitbomben oder Malware auf die Website;<\/li>\n\n\n\n<li>die Informationen oder Materialien auf der Website zu \u00e4ndern oder zu modifizieren;<\/li>\n\n\n\n<li>auf die Website zuzugreifen oder sie in einer Weise zu nutzen, die den Betrieb der Website oder der Kommunikationsnetze unterbricht, verlangsamt oder beeintr\u00e4chtigt;<\/li>\n\n\n\n<li>die auf der Website enthaltenen pers\u00f6nlichen Daten f\u00fcr kommerzielle Zwecke, Propaganda oder Werbung zu verwenden;<\/li>\n\n\n\n<li>Diffamierende, beleidigende, rassistische, fremdenfeindliche, homophobe, sexistische, pornografische oder die Privatsph\u00e4re, das Bild oder den Ruf anderer verletzende Inhalte zu verbreiten.<\/li>\n<\/ul>\n\n<h2 class=\"wp-block-heading\"><strong>Geistiges Eigentum<\/strong><\/h2>\n\n<p>Die Website und alle ihre Elemente, einschlie\u00dflich Text, Bilder, Ton, Video, Logos, Marken und Domainnamen, sind durch das Urheberrecht, Marken und andere Rechte an geistigem Eigentum von O&#8217;Architecte oder seinen Lizenzgebern gesch\u00fctzt.<\/p>\n\n<p>Der Nutzer ist nicht berechtigt, ohne vorherige schriftliche Genehmigung von O&#8217;Architecte die auf der Website enthaltenen Elemente ganz oder teilweise zu reproduzieren, darzustellen, zu modifizieren, zu verbreiten oder in irgendeiner Weise zu verwerten.<\/p>\n\n<h2 class=\"wp-block-heading\"><strong>Hypertext-Links<\/strong><\/h2>\n\n<p>Die Website kann Hyperlinks zu anderen Websites enthalten, die nicht im Besitz oder unter der Kontrolle von O&#8217;Architecte sind. O&#8217;Architecte ist nicht verantwortlich f\u00fcr den Inhalt, die Genauigkeit oder die Praktiken dieser Webseiten. Der Zugang zu diesen Websites erfolgt auf eigenes Risiko des Nutzers.<\/p>\n\n<h2 class=\"wp-block-heading\"><strong>Ausschluss der Haftung<\/strong><\/h2>\n\n<p>O&#8217;Architecte garantiert nicht, dass die Website frei von Fehlern oder Viren ist. Der Nutzer \u00fcbernimmt alle Risiken, die mit der Nutzung der Website verbunden sind. O Architect haftet unter keinen Umst\u00e4nden f\u00fcr direkte, indirekte, zuf\u00e4llige, besondere oder Folgesch\u00e4den, einschlie\u00dflich, aber nicht beschr\u00e4nkt auf Sch\u00e4den f\u00fcr Nutzungs-, Daten- oder Gewinnverluste, die sich aus der Nutzung oder der Unm\u00f6glichkeit der Nutzung der Website ergeben oder damit zusammenh\u00e4ngen, oder mit der Ausf\u00fchrung oder Nichtausf\u00fchrung von Inhalten oder Informationen, die durch, \u00fcber oder von der Website \u00fcbertragen werden, sei es aufgrund eines Vertrags, einer zivilrechtlichen Haftung (einschlie\u00dflich Fahrl\u00e4ssigkeit) oder einer anderen Rechtstheorie, selbst wenn O&#8217;Architect \u00fcber die M\u00f6glichkeit solcher Sch\u00e4den informiert wurde.<\/p>\n\n<h2 class=\"wp-block-heading\"><strong>Anwendbares Recht und Gerichtsbarkeit<\/strong><\/h2>\n\n<p>Die vorliegenden Nutzungsbedingungen unterliegen den Gesetzen von Marokko und werden in \u00dcbereinstimmung mit diesen ausgelegt. Alle Streitigkeiten in Bezug auf die vorliegenden Nutzungsbedingungen unterliegen der ausschlie\u00dflichen Zust\u00e4ndigkeit der Gerichte von Marokko.<\/p>\n\n<p>O&#8217;Architect verpflichtet sich, das marokkanische Gesetz Nr. 09-08 zum Schutz nat\u00fcrlicher Personen bei der Verarbeitung personenbezogener Daten (nachstehend das &#8222;marokkanische Gesetz \u00fcber den Schutz personenbezogener Daten&#8220;) einzuhalten.<\/p>\n\n<p>In \u00dcbereinstimmung mit dem marokkanischen Gesetz \u00fcber den Schutz personenbezogener Daten erhebt, verarbeitet und nutzt O&#8217;Architecte die personenbezogenen Daten der Nutzer ausschlie\u00dflich f\u00fcr die folgenden Zwecke:<\/p>\n\n<ul class=\"wp-block-list\">\n<li>Bereitstellung und Verbesserung der Dienstleistungen von O&#8217;Architect<\/li>\n\n\n\n<li>Kontaktaufnahme mit Nutzern f\u00fcr Informationen oder Aktualisierungen<\/li>\n\n\n\n<li>Versenden von Newslettern und Werbeangeboten<\/li>\n\n\n\n<li>Statistische Analysen durchf\u00fchren<\/li>\n<\/ul>\n\n<p>O&#8217;Architecte ergreift alle notwendigen technischen und organisatorischen Ma\u00dfnahmen, um die Sicherheit der personenbezogenen Daten der Nutzer zu gew\u00e4hrleisten und deren unbefugten Zugriff, \u00c4nderung, Offenlegung oder Zerst\u00f6rung zu verhindern.<\/p>\n\n<p>Die Nutzer haben das Recht auf Zugang, Berichtigung, Widerspruch, L\u00f6schung und \u00dcbertragbarkeit ihrer pers\u00f6nlichen Daten. Sie k\u00f6nnen O&#8217;Architect auch bitten, die Verarbeitung ihrer personenbezogenen Daten zu beschr\u00e4nken.<\/p>\n\n<p>Um ihre Rechte auszu\u00fcben, k\u00f6nnen die Nutzer O&#8217;Architecte unter der folgenden Adresse kontaktieren: contact@oarchitecte.com<\/p>\n\n<h2 class=\"wp-block-heading\"><strong>Schutz des geistigen Eigentums<\/strong><\/h2>\n\n<p>Der gesamte Multimedia-Inhalt der Website von O&#8217;Architecte, einschlie\u00dflich Text, Bilder, Ton, Video, Logos, Marken und Domainnamen, ist durch das Urheberrecht, Marken und andere Rechte an geistigem Eigentum von O&#8217;Architecte oder seinen Lizenzgebern gesch\u00fctzt.<\/p>\n\n<p>Der Nutzer ist nicht berechtigt, ohne vorherige schriftliche Genehmigung von O&#8217;Architecte die auf der Website enthaltenen Elemente ganz oder teilweise zu vervielf\u00e4ltigen, darzustellen, zu \u00e4ndern, zu verbreiten oder in irgendeiner Weise zu verwerten.<\/p>\n\n<h2 class=\"wp-block-heading\"><strong>\u00c4nderungen der AGB<\/strong><\/h2>\n\n<p>O&#8217;Architecte beh\u00e4lt sich das Recht vor, die vorliegenden Allgemeinen Nutzungsbedingungen (nachstehend &#8222;ANB&#8220;) jederzeit zu \u00e4ndern. \u00c4nderungen der Nutzungsbedingungen treten mit ihrer Ver\u00f6ffentlichung auf der Webseite in Kraft.<\/p>\n\n<p>Der Nutzer wird \u00fcber jede \u00c4nderung der Nutzungsbedingungen per E-Mail oder durch eine Mitteilung auf der Website informiert. Der Nutzer wird gebeten, die Nutzungsbedingungen regelm\u00e4\u00dfig zu \u00fcberpr\u00fcfen, um sich \u00fcber eventuelle \u00c4nderungen zu informieren.<\/p>\n\n<p>Wenn ein Nutzer die Website nach der Ver\u00f6ffentlichung von \u00c4nderungen der Nutzungsbedingungen weiterhin nutzt, wird davon ausgegangen, dass er diese \u00c4nderungen akzeptiert. Wenn der Nutzer mit den \u00c4nderungen der Nutzungsbedingungen nicht einverstanden ist, kann er die Nutzung der Website einstellen.<\/p>\n\n<h2 class=\"wp-block-heading\"><strong>Schlussbestimmungen<\/strong><\/h2>\n\n<p>Die vorliegenden AGB stellen die gesamte Vereinbarung zwischen O&#8217;Architecte und dem Nutzer in Bezug auf die Nutzung der Website dar. Wenn eine Bestimmung dieser Nutzungsbedingungen f\u00fcr ung\u00fcltig oder nicht durchsetzbar befunden wird, wird diese Bestimmung aus den Nutzungsbedingungen entfernt, ohne die G\u00fcltigkeit und Durchsetzbarkeit der \u00fcbrigen Bestimmungen zu beeintr\u00e4chtigen.<\/p>\n\n<h2 class=\"wp-block-heading\"><strong>Kontakt<\/strong><\/h2>\n\n<p>Bei Fragen zu diesen AGB kann der Nutzer <a href=\"https:\/\/oarchitecte.com\/de\/\" data-type=\"link\" data-id=\"https:\/\/oarchitecte.com\/de\/\">O&#8217;Architecte<\/a> unter der folgenden Adresse kontaktieren: contact@oarchitecte.com<\/p>\n","protected":false},"excerpt":{"rendered":"<p>Wer sind wir? Willkommen auf der Website von O&#8217;Architecte(https:\/\/oarchitecte.com), einem B\u00fcro f\u00fcr Architektur, Landschaftsgestaltung und Innenarchitektur mit Sitz in Marrakesch, Marokko. Durch den Zugriff auf und die Nutzung dieser Website erkl\u00e4ren Sie sich mit diesen Nutzungsbedingungen einverstanden. Objekt Die vorliegenden Allgemeinen Nutzungsbedingungen (nachfolgend &#8222;ANB&#8220;) sollen die Bedingungen f\u00fcr den Zugang und die Nutzung der Website [&hellip;]<\/p>\n","protected":false},"author":1,"featured_media":2187,"parent":0,"menu_order":0,"comment_status":"closed","ping_status":"closed","template":"","meta":{"inline_featured_image":false,"footnotes":""},"class_list":["post-2239","page","type-page","status-publish","has-post-thumbnail","hentry"],"_links":{"self":[{"href":"https:\/\/oarchitecte.com\/de\/wp-json\/wp\/v2\/pages\/2239","targetHints":{"allow":["GET"]}}],"collection":[{"href":"https:\/\/oarchitecte.com\/de\/wp-json\/wp\/v2\/pages"}],"about":[{"href":"https:\/\/oarchitecte.com\/de\/wp-json\/wp\/v2\/types\/page"}],"author":[{"embeddable":true,"href":"https:\/\/oarchitecte.com\/de\/wp-json\/wp\/v2\/users\/1"}],"replies":[{"embeddable":true,"href":"https:\/\/oarchitecte.com\/de\/wp-json\/wp\/v2\/comments?post=2239"}],"version-history":[{"count":3,"href":"https:\/\/oarchitecte.com\/de\/wp-json\/wp\/v2\/pages\/2239\/revisions"}],"predecessor-version":[{"id":2992,"href":"https:\/\/oarchitecte.com\/de\/wp-json\/wp\/v2\/pages\/2239\/revisions\/2992"}],"wp:featuredmedia":[{"embeddable":true,"href":"https:\/\/oarchitecte.com\/de\/wp-json\/wp\/v2\/media\/2187"}],"wp:attachment":[{"href":"https:\/\/oarchitecte.com\/de\/wp-json\/wp\/v2\/media?parent=2239"}],"curies":[{"name":"wp","href":"https:\/\/api.w.org\/{rel}","templated":true}]}}