{"id":2237,"date":"2024-04-13T23:40:22","date_gmt":"2024-04-13T21:40:22","guid":{"rendered":"https:\/\/oarchitecte.com\/datenschutzrichtlinie\/"},"modified":"2024-06-29T13:03:15","modified_gmt":"2024-06-29T11:03:15","slug":"datenschutzrichtlinie","status":"publish","type":"page","link":"https:\/\/oarchitecte.com\/de\/datenschutzrichtlinie\/","title":{"rendered":"Datenschutzrichtlinie"},"content":{"rendered":"\n<h2 class=\"wp-block-heading\">Datenschutzrichtlinie<\/h2>\n\n<p>Bei O&#8217;Architecte legen wir gro\u00dfen Wert auf die Vertraulichkeit und Sicherheit Ihrer pers\u00f6nlichen Daten. Diese Datenschutzrichtlinie erl\u00e4utert, wie wir die Informationen, die Sie uns beim Besuch unserer Website oder bei der Interaktion mit unseren Dienstleistungen zur Verf\u00fcgung stellen, sammeln, verwenden und sch\u00fctzen.<\/p>\n\n<h2 class=\"wp-block-heading\"><strong>Sammeln von Informationen<\/strong><\/h2>\n\n<p>Wenn Sie unsere Website besuchen, k\u00f6nnen wir bestimmte Informationen automatisch mit Hilfe von Cookies und \u00e4hnlichen Technologien sammeln. Diese Informationen k\u00f6nnen Ihre IP-Adresse, den Typ des von Ihnen verwendeten Browsers, die Seiten, die Sie auf unserer Website besuchen, die Dauer Ihres Besuchs und andere Navigationsdaten umfassen.<\/p>\n\n<p>Wir k\u00f6nnen auch pers\u00f6nliche Informationen sammeln, die Sie uns freiwillig zur Verf\u00fcgung stellen, wie z.B. Ihren Namen, Ihre E-Mail-Adresse, Telefonnummer, Postanschrift und andere Kontaktinformationen, wenn Sie ein Kontaktformular ausf\u00fcllen oder unseren Newsletter abonnieren.<\/p>\n\n<h2 class=\"wp-block-heading\"><strong>Nutzung der Informationen<\/strong><\/h2>\n\n<p>Die von uns gesammelten Informationen k\u00f6nnen f\u00fcr folgende Zwecke verwendet werden:<\/p>\n\n<ul class=\"wp-block-list\">\n<li>Ihre Erfahrung zu personalisieren und Ihre individuellen Bed\u00fcrfnisse zu erf\u00fcllen.<\/li>\n\n\n\n<li>Bereitstellung eines qualitativ hochwertigen Kundenservices durch Beantwortung Ihrer Anfragen und Bearbeitung Ihrer Transaktionen.<\/li>\n\n\n\n<li>Ihnen regelm\u00e4\u00dfig E-Mails mit Updates zu unseren Dienstleistungen, Werbeaktionen, Ank\u00fcndigungen und anderen Informationen zu senden, die f\u00fcr Sie von Interesse sein k\u00f6nnten.<\/li>\n<\/ul>\n\n<h2 class=\"wp-block-heading\"><strong>Schutz von Informationen<\/strong><\/h2>\n\n<p>Wir setzen angemessene Sicherheitsma\u00dfnahmen ein, um Ihre pers\u00f6nlichen Daten vor unbefugtem Zugriff, \u00c4nderung, Offenlegung oder Zerst\u00f6rung zu sch\u00fctzen.<\/p>\n\n<h2 class=\"wp-block-heading\"><strong>Eigentum an den Bildern<\/strong><\/h2>\n\n<p>Alle auf unserer Website verwendeten Bilder sind durch das Gesetz \u00fcber geistiges Eigentum gesch\u00fctzt. Die Verwendung ohne Genehmigung ist strengstens verboten.<\/p>\n\n<h2 class=\"wp-block-heading\"><strong>Weitergabe von Informationen<\/strong><\/h2>\n\n<p>Wir verkaufen, tauschen oder vermieten Ihre pers\u00f6nlichen Daten nicht ohne Ihre <a href=\"https:\/\/en.wiktionary.org\/wiki\/consentement\" target=\"_blank\" data-type=\"link\" data-id=\"https:\/\/en.wiktionary.org\/wiki\/consentement\" rel=\"noreferrer noopener\">Zustimmung<\/a> an Dritte, au\u00dfer in F\u00e4llen, in denen dies notwendig ist, um Ihre Anfragen zu beantworten, unsere Dienstleistungen zu erbringen oder dem Gesetz zu entsprechen.<\/p>\n\n<h2 class=\"wp-block-heading\"><strong>Zustimmung<\/strong><\/h2>\n\n<p>Durch die Nutzung unserer Website<a href=\"https:\/\/oarchitecte.com\/de\/\">(https:\/\/oarchitecte.com)<\/a> stimmen Sie unserer Datenschutzpolitik zu und erkl\u00e4ren sich damit einverstanden, uns Ihre pers\u00f6nlichen Daten unter den oben beschriebenen Bedingungen zur Verf\u00fcgung zu stellen.<\/p>\n\n<h2 class=\"wp-block-heading\"><strong>Kontaktieren Sie uns<\/strong><\/h2>\n\n<p>Wenn Sie Fragen oder Bedenken bez\u00fcglich unserer Datenschutzpolitik haben, kontaktieren Sie uns bitte unter der folgenden E-Mail-Adresse: contact@oarchitecte.com<\/p>\n\n<p>Diese Datenschutzrichtlinie wurde am 04. April 2024 aktualisiert.<\/p>\n","protected":false},"excerpt":{"rendered":"<p>Datenschutzrichtlinie Bei O&#8217;Architecte legen wir gro\u00dfen Wert auf die Vertraulichkeit und Sicherheit Ihrer pers\u00f6nlichen Daten. Diese Datenschutzrichtlinie erl\u00e4utert, wie wir die Informationen, die Sie uns beim Besuch unserer Website oder bei der Interaktion mit unseren Dienstleistungen zur Verf\u00fcgung stellen, sammeln, verwenden und sch\u00fctzen. Sammeln von Informationen Wenn Sie unsere Website besuchen, k\u00f6nnen wir bestimmte Informationen [&hellip;]<\/p>\n","protected":false},"author":1,"featured_media":2179,"parent":0,"menu_order":0,"comment_status":"closed","ping_status":"closed","template":"","meta":{"inline_featured_image":false,"footnotes":""},"class_list":["post-2237","page","type-page","status-publish","has-post-thumbnail","hentry"],"_links":{"self":[{"href":"https:\/\/oarchitecte.com\/de\/wp-json\/wp\/v2\/pages\/2237","targetHints":{"allow":["GET"]}}],"collection":[{"href":"https:\/\/oarchitecte.com\/de\/wp-json\/wp\/v2\/pages"}],"about":[{"href":"https:\/\/oarchitecte.com\/de\/wp-json\/wp\/v2\/types\/page"}],"author":[{"embeddable":true,"href":"https:\/\/oarchitecte.com\/de\/wp-json\/wp\/v2\/users\/1"}],"replies":[{"embeddable":true,"href":"https:\/\/oarchitecte.com\/de\/wp-json\/wp\/v2\/comments?post=2237"}],"version-history":[{"count":5,"href":"https:\/\/oarchitecte.com\/de\/wp-json\/wp\/v2\/pages\/2237\/revisions"}],"predecessor-version":[{"id":3218,"href":"https:\/\/oarchitecte.com\/de\/wp-json\/wp\/v2\/pages\/2237\/revisions\/3218"}],"wp:featuredmedia":[{"embeddable":true,"href":"https:\/\/oarchitecte.com\/de\/wp-json\/wp\/v2\/media\/2179"}],"wp:attachment":[{"href":"https:\/\/oarchitecte.com\/de\/wp-json\/wp\/v2\/media?parent=2237"}],"curies":[{"name":"wp","href":"https:\/\/api.w.org\/{rel}","templated":true}]}}