{"id":2229,"date":"2024-04-18T22:54:04","date_gmt":"2024-04-18T20:54:04","guid":{"rendered":"https:\/\/oarchitecte.com\/ueber-uns\/"},"modified":"2024-07-10T12:14:32","modified_gmt":"2024-07-10T10:14:32","slug":"ueber-uns","status":"publish","type":"page","link":"https:\/\/oarchitecte.com\/de\/ueber-uns\/","title":{"rendered":"\u00dcber uns"},"content":{"rendered":"<div id='av-layout-grid-1'  class='av-layout-grid-container av-2p2wh6-8a2b23a9a48c6592687568f8de2c8118 entry-content-wrapper main_color av-flex-cells  avia-builder-el-0  el_before_av_section  avia-builder-el-first   container_wrap sidebar_right'  >\n\n<style type=\"text\/css\" data-created_by=\"avia_inline_auto\" id=\"style-css-av-2myksi-c36f48038bd9bb37f4b856e234e28e43\">\n.flex_cell.av-2myksi-c36f48038bd9bb37f4b856e234e28e43{\nvertical-align:top;\nheight:430px;\nmin-height:430px;\nbackground:url(https:\/\/oarchitecte.com\/wp-content\/uploads\/2024\/04\/Ouafa-Ibnoaslam.webp) 0% 50% no-repeat local ;\n}\n.responsive #top #wrap_all .flex_cell.av-2myksi-c36f48038bd9bb37f4b856e234e28e43{\npadding:30px 30px 30px 30px !important;\n}\n<\/style>\n<div class='flex_cell av-2myksi-c36f48038bd9bb37f4b856e234e28e43 av-gridrow-cell av_one_half no_margin  avia-builder-el-1  el_before_av_cell_one_half  avia-builder-el-first  content-align-top avia-full-stretch'  ><div class='flex_cell_inner'><\/div><\/div>\n<style type=\"text\/css\" data-created_by=\"avia_inline_auto\" id=\"style-css-av-2ditb6-e07b1001812ada53f70b9b37fe10a771\">\n.flex_cell.av-2ditb6-e07b1001812ada53f70b9b37fe10a771{\nvertical-align:middle;\nheight:430px;\nmin-height:430px;\nbackground-color:#f7f7f7;\n}\n.responsive #top #wrap_all .flex_cell.av-2ditb6-e07b1001812ada53f70b9b37fe10a771{\npadding:30px 100px 30px 100px !important;\n}\n<\/style>\n<div class='flex_cell av-2ditb6-e07b1001812ada53f70b9b37fe10a771 av-gridrow-cell av_one_half no_margin  avia-builder-el-2  el_after_av_cell_one_half  avia-builder-el-last  content-align-middle'  ><div class='flex_cell_inner'>\n<style type=\"text\/css\" data-created_by=\"avia_inline_auto\" id=\"style-css-av-29nrwq-6694374cb6c2000fb0e4c4f6e60b3034\">\n.flex_column.av-29nrwq-6694374cb6c2000fb0e4c4f6e60b3034{\nborder-radius:0px 0px 0px 0px;\npadding:0px 0px 0px 0px;\n}\n<\/style>\n<div  class='flex_column av-29nrwq-6694374cb6c2000fb0e4c4f6e60b3034 av_one_full  avia-builder-el-3  avia-builder-el-no-sibling  first flex_column_div av-animated-generic bottom-to-top av-zero-column-padding  '     ><p>\n<style type=\"text\/css\" data-created_by=\"avia_inline_auto\" id=\"style-css-av-22jruy-cbfcb2d8570af989c24a6b4b1d93235d\">\n#top .av-special-heading.av-22jruy-cbfcb2d8570af989c24a6b4b1d93235d{\npadding-bottom:10px;\n}\nbody .av-special-heading.av-22jruy-cbfcb2d8570af989c24a6b4b1d93235d .av-special-heading-tag .heading-char{\nfont-size:25px;\n}\n.av-special-heading.av-22jruy-cbfcb2d8570af989c24a6b4b1d93235d .av-subheading{\nfont-size:15px;\n}\n<\/style>\n<div  class='av-special-heading av-22jruy-cbfcb2d8570af989c24a6b4b1d93235d av-special-heading-h1 blockquote modern-quote  avia-builder-el-4  el_before_av_textblock  avia-builder-el-first '><h1 class='av-special-heading-tag '  itemprop=\"headline\"  >Ouafa IBNOASLAM<\/h1><div class='av-subheading av-subheading_below'><p>Architekt HTW Saar<\/p>\n<\/div><div class=\"special-heading-border\"><div class=\"special-heading-inner-border\"><\/div><\/div><\/div><br \/>\n<section  class='av_textblock_section av-1z4koa-6efbcb773754ffe7d46b20721cb50f99 '   itemscope=\"itemscope\" itemtype=\"https:\/\/schema.org\/CreativeWork\" ><div class='avia_textblock'  itemprop=\"text\" ><p>Der Name des 2023 gegr\u00fcndeten B\u00fcros <span style=\"color: #ff6600;\">O&#8217;Architecte<\/span> leitet sich von der Initiale des Vornamens seiner Gr\u00fcnderin <em>Ouafa Ibnoaslam <\/em>ab. Das &#8222;O&#8220; steht auch f\u00fcr Opulenz und Luxus im architektonischen Design. <em>Ouafa <\/em>, Ihr Architekt in Marrakesch, verf\u00fcgt \u00fcber eine solide Ausbildung und vielf\u00e4ltige Berufserfahrung in diesem Bereich. Er bringt in seinem B\u00fcro eine einzigartige Vision und einen pers\u00f6nlichen Ansatz f\u00fcr jedes Projekt ein.<\/p>\n<p><em>Ouafa Ibnoaslam<\/em> begann ihre architektonische Laufbahn 2011 mit einem Bachelor&#8217;s Degree in Architektur an der renommierten University of Applied Sciences Saar in Saarbr\u00fccken, Deutschland. Sie setzte ihre Ausbildung fort und erhielt 2018 einen Master in Architektur an derselben Hochschule.<\/p>\n<p>Von 2018 bis 2021 setzt sie ihr Fachwissen als Architektin bei der Firma AZ-Construction GmbH in Dietzenbach, Hessen, Frankfurt ein. Im Jahr 2023 kehrte sie nach Marrakesch zur\u00fcck und gr\u00fcndete ihr Atelier d&#8217;Architecture <span style=\"color: #ff6600;\">O&#8217;Architecte<\/span>.<\/p>\n<p><img decoding=\"async\" class=\"wp-image-2460 alignright\" src=\"https:\/\/oarchitecte.com\/wp-content\/uploads\/2024\/04\/signature-300x84.png\" alt=\"Unterschrift Ouafa Ibnaoslam\" width=\"167\" height=\"47\" title=\"\" srcset=\"https:\/\/oarchitecte.com\/wp-content\/uploads\/2024\/04\/signature-300x84.png 300w, https:\/\/oarchitecte.com\/wp-content\/uploads\/2024\/04\/signature.png 600w\" sizes=\"(max-width: 167px) 100vw, 167px\" \/><\/p>\n<\/div><\/section><\/p><\/div>\n<\/div><\/div>\n<\/div>\n<div id='av_section_1'  class='avia-section av-1rnl16-33c09f0221272efbbabcb4a422556a48 main_color avia-section-large avia-no-border-styling  avia-builder-el-6  el_after_av_layout_row  avia-builder-el-last  avia-bg-style-scroll container_wrap sidebar_right'  ><div class='container av-section-cont-open' ><div class='template-page content  av-content-small alpha units'><div class='post-entry post-entry-type-page post-entry-2229'><div class='entry-content-wrapper clearfix'>\n\n<style type=\"text\/css\" data-created_by=\"avia_inline_auto\" id=\"style-css-av-1mpq96-918ed97eb7e75f111e937ed0c1a2bcb2\">\n.flex_column.av-1mpq96-918ed97eb7e75f111e937ed0c1a2bcb2{\nborder-radius:0px 0px 0px 0px;\npadding:0px 0px 0px 0px;\n}\n<\/style>\n<div  class='flex_column av-1mpq96-918ed97eb7e75f111e937ed0c1a2bcb2 av_one_half  avia-builder-el-7  el_before_av_one_half  avia-builder-el-first  first flex_column_div av-animated-generic bottom-to-top av-zero-column-padding  '     ><p>\n<style type=\"text\/css\" data-created_by=\"avia_inline_auto\" id=\"style-css-av-1c91aq-eff95549fe8eee47249f2d6ef97d9d09\">\n#top .av-special-heading.av-1c91aq-eff95549fe8eee47249f2d6ef97d9d09{\npadding-bottom:10px;\n}\nbody .av-special-heading.av-1c91aq-eff95549fe8eee47249f2d6ef97d9d09 .av-special-heading-tag .heading-char{\nfont-size:25px;\n}\n.av-special-heading.av-1c91aq-eff95549fe8eee47249f2d6ef97d9d09 .av-subheading{\nfont-size:15px;\n}\n<\/style>\n<div  class='av-special-heading av-1c91aq-eff95549fe8eee47249f2d6ef97d9d09 av-special-heading-h2 blockquote modern-quote  avia-builder-el-8  el_before_av_textblock  avia-builder-el-first '><h2 class='av-special-heading-tag '  itemprop=\"headline\"  >Unser Team<\/h2><div class='av-subheading av-subheading_below'><p>Grenzenlose Kreativit\u00e4t, un\u00fcbertroffenes Fachwissen<\/p>\n<\/div><div class=\"special-heading-border\"><div class=\"special-heading-inner-border\"><\/div><\/div><\/div><br \/>\n<section  class='av_textblock_section av-16s1h6-3558ae0cd4629f5eed7d7a2542d63f40 '   itemscope=\"itemscope\" itemtype=\"https:\/\/schema.org\/CreativeWork\" ><div class='avia_textblock'  itemprop=\"text\" ><p>Unser Team von leidenschaftlichen Experten, bestehend aus Zeichnern, Grafikern, Landschaftsarchitekten und Dekorateuren, arbeitet synergetisch zusammen, um Ihre Tr\u00e4ume von der Planung bis zur Ausf\u00fchrung zu verwirklichen.<\/p>\n<p><span style=\"color: #ff6600;\">O&#8217;Architecte<\/span>, Ihr Architekt in Marrakesch, verbindet Fachwissen und Kreativit\u00e4t, um Ihnen integrierte, harmonische und nachhaltige L\u00f6sungen zu bieten, die einzigartige und personalisierte architektonische R\u00e4ume schaffen, die Ihre Bed\u00fcrfnisse und W\u00fcnsche widerspiegeln.<\/p>\n<\/div><\/section><br \/>\n\n<style type=\"text\/css\" data-created_by=\"avia_inline_auto\" id=\"style-css-av-6y4a-54281d24e8c16927d4835bb178d68f28\">\n#top .hr.hr-invisible.av-6y4a-54281d24e8c16927d4835bb178d68f28{\nheight:20px;\n}\n<\/style>\n<div  class='hr av-6y4a-54281d24e8c16927d4835bb178d68f28 hr-invisible  avia-builder-el-10  el_after_av_textblock  el_before_av_image '><span class='hr-inner '><span class=\"hr-inner-style\"><\/span><\/span><\/div><br \/>\n\n<style type=\"text\/css\" data-created_by=\"avia_inline_auto\" id=\"style-css-av-lv4knnwe-d165a87b60fc0063ecaef2d9e658354d\">\n.avia-image-container.av-lv4knnwe-d165a87b60fc0063ecaef2d9e658354d img.avia_image{\nbox-shadow:none;\n}\n.avia-image-container.av-lv4knnwe-d165a87b60fc0063ecaef2d9e658354d .av-image-caption-overlay-center{\ncolor:#ffffff;\n}\n<\/style>\n<div  class='avia-image-container av-lv4knnwe-d165a87b60fc0063ecaef2d9e658354d av-styling- avia-align-center  avia-builder-el-11  el_after_av_hr  avia-builder-el-last '   itemprop=\"image\" itemscope=\"itemscope\" itemtype=\"https:\/\/schema.org\/ImageObject\" ><div class=\"avia-image-container-inner\"><div class=\"avia-image-overlay-wrap\"><img decoding=\"async\" fetchpriority=\"high\" class='wp-image-2191 avia-img-lazy-loading-not-2191 avia_image ' src=\"https:\/\/oarchitecte.com\/wp-content\/uploads\/2024\/04\/team.webp\" alt='O&#039;Architecte, votre architecte  \u00e0 Marrakech' title='team'  height=\"1024\" width=\"1024\"  itemprop=\"thumbnailUrl\" srcset=\"https:\/\/oarchitecte.com\/wp-content\/uploads\/2024\/04\/team.webp 1024w, https:\/\/oarchitecte.com\/wp-content\/uploads\/2024\/04\/team-300x300.webp 300w, https:\/\/oarchitecte.com\/wp-content\/uploads\/2024\/04\/team-80x80.webp 80w, https:\/\/oarchitecte.com\/wp-content\/uploads\/2024\/04\/team-768x768.webp 768w, https:\/\/oarchitecte.com\/wp-content\/uploads\/2024\/04\/team-36x36.webp 36w, https:\/\/oarchitecte.com\/wp-content\/uploads\/2024\/04\/team-180x180.webp 180w, https:\/\/oarchitecte.com\/wp-content\/uploads\/2024\/04\/team-705x705.webp 705w\" sizes=\"(max-width: 1024px) 100vw, 1024px\" \/><\/div><\/div><\/div><\/p><\/div>\n<style type=\"text\/css\" data-created_by=\"avia_inline_auto\" id=\"style-css-av-13df4i-a6fcc2a0a485ce2d124059af41e2d099\">\n.flex_column.av-13df4i-a6fcc2a0a485ce2d124059af41e2d099{\nborder-radius:0px 0px 0px 0px;\npadding:0px 0px 0px 0px;\n}\n<\/style>\n<div  class='flex_column av-13df4i-a6fcc2a0a485ce2d124059af41e2d099 av_one_half  avia-builder-el-12  el_after_av_one_half  el_before_av_one_full  flex_column_div av-animated-generic bottom-to-top av-zero-column-padding  '     ><p>\n<style type=\"text\/css\" data-created_by=\"avia_inline_auto\" id=\"style-css-av-wcl9u-1ddd79f7c1f7f13e94c3573aec66c84d\">\n#top .av-special-heading.av-wcl9u-1ddd79f7c1f7f13e94c3573aec66c84d{\npadding-bottom:10px;\n}\nbody .av-special-heading.av-wcl9u-1ddd79f7c1f7f13e94c3573aec66c84d .av-special-heading-tag .heading-char{\nfont-size:25px;\n}\n.av-special-heading.av-wcl9u-1ddd79f7c1f7f13e94c3573aec66c84d .av-subheading{\nfont-size:15px;\n}\n<\/style>\n<div  class='av-special-heading av-wcl9u-1ddd79f7c1f7f13e94c3573aec66c84d av-special-heading-h3 blockquote modern-quote  avia-builder-el-13  el_before_av_textblock  avia-builder-el-first '><h3 class='av-special-heading-tag '  itemprop=\"headline\"  >Unsere F\u00e4higkeiten<\/h3><div class='av-subheading av-subheading_below'><p>Expertise und Kreativit\u00e4t im Dienste Ihrer Projekte<\/p>\n<\/div><div class=\"special-heading-border\"><div class=\"special-heading-inner-border\"><\/div><\/div><\/div><br \/>\n<section  class='av_textblock_section av-2keia-8ad93b7b5caa478a945b5ed927dc5f3f '   itemscope=\"itemscope\" itemtype=\"https:\/\/schema.org\/CreativeWork\" ><div class='avia_textblock'  itemprop=\"text\" ><p>Unser Team von leidenschaftlichen Experten, geleitet von \u00fcberbordender Kreativit\u00e4t, scharfer technischer Expertise und raffinierter \u00e4sthetischer Sensibilit\u00e4t, widmet sich der Aufgabe, Ihre Ideen in einzigartige und funktionale architektonische R\u00e4ume zu verwandeln, die Ihre Erwartungen \u00fcbertreffen. <a href=\"https:\/\/marocarchitectes.com\/listing\/oarchitecte\/\" target=\"_blank\" rel=\"noopener\"><br \/>\n  <span style=\"color: #ff6600;\">O&#8217;Architect<\/span><br \/>\n<\/a> Ihr Architekt in Marrakesch, verbindet :<\/p>\n<ul>\n<li><em>Kreatives Design:<\/em> Wir entwickeln innovative und ma\u00dfgeschneiderte architektonische Konzepte, die Ihre Bed\u00fcrfnisse, W\u00fcnsche, Standortbeschr\u00e4nkungen und Ihr Budget ber\u00fccksichtigen. Unser kooperativer Ansatz gew\u00e4hrleistet, dass Ihre Ideen in das endg\u00fcltige Projekt einflie\u00dfen.<\/li>\n<li><em>Beherrschung der Designsoftware:<\/em> Unsere Architekten verwenden modernste CAD-Software wie AutoCAD, SketchUp und Revit, um detaillierte Pl\u00e4ne und pr\u00e4zise 3D-Modelle zu erstellen, die Ihnen eine klare und vollst\u00e4ndige Visualisierung Ihres Projekts bieten.<\/li>\n<li><em>Kommunikations- und Projektmanagementf\u00e4higkeiten:<\/em> Wir kommunizieren w\u00e4hrend des gesamten Prozesses effektiv mit Ihnen, den Teammitgliedern und den Auftragnehmern und gew\u00e4hrleisten eine transparente Verwaltung des Projektbudgets, der Fristen und der Ressourcen.<\/li>\n<\/ul>\n<\/div><\/section><\/p><\/div>\n<style type=\"text\/css\" data-created_by=\"avia_inline_auto\" id=\"style-css-av-mz19m-9ed63ff6ed3048a3f73512df4092111b\">\n.flex_column.av-mz19m-9ed63ff6ed3048a3f73512df4092111b{\nborder-radius:0px 0px 0px 0px;\npadding:30px 30px 30px 30px;\nbackground-color:#f7f7f7;\n}\n<\/style>\n<div  class='flex_column av-mz19m-9ed63ff6ed3048a3f73512df4092111b av_one_full  avia-builder-el-15  el_after_av_one_half  avia-builder-el-last  first flex_column_div av-animated-generic bottom-to-top  column-top-margin'     ><p>\n<style type=\"text\/css\" data-created_by=\"avia_inline_auto\" id=\"style-css-av-ekbw2-5a7aa35369720a4ccb86d4a468ad8231\">\n#top .av-special-heading.av-ekbw2-5a7aa35369720a4ccb86d4a468ad8231{\npadding-bottom:20px;\n}\nbody .av-special-heading.av-ekbw2-5a7aa35369720a4ccb86d4a468ad8231 .av-special-heading-tag .heading-char{\nfont-size:25px;\n}\n.av-special-heading.av-ekbw2-5a7aa35369720a4ccb86d4a468ad8231 .av-subheading{\nfont-size:15px;\n}\n<\/style>\n<div  class='av-special-heading av-ekbw2-5a7aa35369720a4ccb86d4a468ad8231 av-special-heading-h3 blockquote modern-quote modern-centered  avia-builder-el-16  el_before_av_button  avia-builder-el-first '><h3 class='av-special-heading-tag '  itemprop=\"headline\"  >Wir sind derzeit :<\/h3><div class=\"special-heading-border\"><div class=\"special-heading-inner-border\"><\/div><\/div><\/div><br \/>\n<div  class='avia-button-wrap av-70t76-b129bdbba9518f6da4de86cea4fe8304-wrap avia-button-center  avia-builder-el-17  el_after_av_heading  avia-builder-el-last '><a href=\"https:\/\/oarchitecte.com\/de\/kontakt\/\" class=\"avia-button av-70t76-b129bdbba9518f6da4de86cea4fe8304 av-link-btn avia-icon_select-no avia-size-x-large avia-position-center avia-color-dark\" aria-label=\"Verf\u00fcgbar f\u00fcr Arbeit\"><span class='avia_iconbox_title' >Verf\u00fcgbar f\u00fcr Arbeit<\/span><\/a><\/div><\/p><\/div>\n<\/div><\/div><\/div><!-- close content main div --><\/div><\/div><div id='after_section_1'  class='main_color av_default_container_wrap container_wrap sidebar_right'  ><div class='container av-section-cont-open' ><div class='template-page content  av-content-small alpha units'><div class='post-entry post-entry-type-page post-entry-2229'><div class='entry-content-wrapper clearfix'>\n","protected":false},"excerpt":{"rendered":"","protected":false},"author":1,"featured_media":0,"parent":0,"menu_order":0,"comment_status":"open","ping_status":"closed","template":"","meta":{"inline_featured_image":false,"footnotes":""},"class_list":["post-2229","page","type-page","status-publish","hentry"],"_links":{"self":[{"href":"https:\/\/oarchitecte.com\/de\/wp-json\/wp\/v2\/pages\/2229","targetHints":{"allow":["GET"]}}],"collection":[{"href":"https:\/\/oarchitecte.com\/de\/wp-json\/wp\/v2\/pages"}],"about":[{"href":"https:\/\/oarchitecte.com\/de\/wp-json\/wp\/v2\/types\/page"}],"author":[{"embeddable":true,"href":"https:\/\/oarchitecte.com\/de\/wp-json\/wp\/v2\/users\/1"}],"replies":[{"embeddable":true,"href":"https:\/\/oarchitecte.com\/de\/wp-json\/wp\/v2\/comments?post=2229"}],"version-history":[{"count":48,"href":"https:\/\/oarchitecte.com\/de\/wp-json\/wp\/v2\/pages\/2229\/revisions"}],"predecessor-version":[{"id":3178,"href":"https:\/\/oarchitecte.com\/de\/wp-json\/wp\/v2\/pages\/2229\/revisions\/3178"}],"wp:attachment":[{"href":"https:\/\/oarchitecte.com\/de\/wp-json\/wp\/v2\/media?parent=2229"}],"curies":[{"name":"wp","href":"https:\/\/api.w.org\/{rel}","templated":true}]}}